{"id":5793,"date":"2017-10-25T21:34:39","date_gmt":"2017-10-25T20:34:39","guid":{"rendered":"http:\/\/www.tennis-maurienne.com\/saintjean\/?page_id=5793"},"modified":"2025-08-24T11:37:20","modified_gmt":"2025-08-24T10:37:20","slug":"formulaire-inscription","status":"publish","type":"page","link":"https:\/\/www.tennis-maurienne.com\/saintjean\/formulaire-inscription","title":{"rendered":"FORMULAIRE INSCRIPTION"},"content":{"rendered":"<p>Merci de compl\u00e9ter ce formulaire de pr\u00e9-inscription au tennis club de Saint-Jean de Maurienne.<\/p>\n<p>Un membre du bureau prendra contact avec vous au plus t\u00f4t afin de finaliser votre inscription.<\/p>\n<p>Vous pouvez consulter les <a href=\"https:\/\/adoc.app.fft.fr\/adminupload\/temp\/50\/73\/0083\/ADOC_PJ\/31\/0E1AEDBF950EC85F28B4234E6F077ACE.pdf\" target=\"_blank\" rel=\"noopener\">tarifs d&#8217;adh\u00e9sion<\/a>.<\/p>\n<p>&nbsp;<\/p>\n\n<div class=\"wpcf7 no-js\" id=\"wpcf7-f622-o1\" lang=\"fr-FR\" dir=\"ltr\" data-wpcf7-id=\"622\">\n<div class=\"screen-reader-response\"><p role=\"status\" aria-live=\"polite\" aria-atomic=\"true\"><\/p> <ul><\/ul><\/div>\n<form action=\"\/saintjean\/wp-json\/wp\/v2\/pages\/5793#wpcf7-f622-o1\" method=\"post\" class=\"wpcf7-form init\" aria-label=\"Formulaire de contact\" novalidate=\"novalidate\" data-status=\"init\">\n<fieldset class=\"hidden-fields-container\"><input type=\"hidden\" name=\"_wpcf7\" value=\"622\" \/><input type=\"hidden\" name=\"_wpcf7_version\" value=\"6.1.5\" \/><input type=\"hidden\" name=\"_wpcf7_locale\" value=\"fr_FR\" \/><input type=\"hidden\" name=\"_wpcf7_unit_tag\" value=\"wpcf7-f622-o1\" \/><input type=\"hidden\" name=\"_wpcf7_container_post\" value=\"0\" \/><input type=\"hidden\" name=\"_wpcf7_posted_data_hash\" value=\"\" \/><input type=\"hidden\" name=\"_wpcf7_recaptcha_response\" value=\"\" \/>\n<\/fieldset>\n<p>Prenom\n<\/p>\n<p><span class=\"wpcf7-form-control-wrap\" data-name=\"Prenom\"><input size=\"40\" maxlength=\"400\" class=\"wpcf7-form-control wpcf7-text wpcf7-validates-as-required\" aria-required=\"true\" aria-invalid=\"false\" value=\"\" type=\"text\" name=\"Prenom\" \/><\/span>\n<\/p>\n<p>Nom\n<\/p>\n<p><span class=\"wpcf7-form-control-wrap\" data-name=\"Nom\"><input size=\"40\" maxlength=\"400\" class=\"wpcf7-form-control wpcf7-text wpcf7-validates-as-required\" aria-required=\"true\" aria-invalid=\"false\" value=\"\" type=\"text\" name=\"Nom\" \/><\/span>\n<\/p>\n<p>Date de Naissance (exemple : 01\/01\/1960)\n<\/p>\n<p><span class=\"wpcf7-form-control-wrap\" data-name=\"Naissance\"><input size=\"40\" maxlength=\"400\" class=\"wpcf7-form-control wpcf7-text wpcf7-validates-as-required\" aria-required=\"true\" aria-invalid=\"false\" value=\"\" type=\"text\" name=\"Naissance\" \/><\/span>\n<\/p>\n<p>Adresse\n<\/p>\n<p><span class=\"wpcf7-form-control-wrap\" data-name=\"Adresse\"><textarea cols=\"40\" rows=\"10\" maxlength=\"2000\" class=\"wpcf7-form-control wpcf7-textarea wpcf7-validates-as-required\" aria-required=\"true\" aria-invalid=\"false\" name=\"Adresse\"><\/textarea><\/span>\n<\/p>\n<p>Code postal\n<\/p>\n<p><span class=\"wpcf7-form-control-wrap\" data-name=\"Codepostal\"><input class=\"wpcf7-form-control wpcf7-number wpcf7-validates-as-required wpcf7-validates-as-number\" aria-required=\"true\" aria-invalid=\"false\" value=\"\" type=\"number\" name=\"Codepostal\" \/><\/span>\n<\/p>\n<p>Ville\n<\/p>\n<p><span class=\"wpcf7-form-control-wrap\" data-name=\"Ville\"><input size=\"40\" maxlength=\"400\" class=\"wpcf7-form-control wpcf7-text wpcf7-validates-as-required\" aria-required=\"true\" aria-invalid=\"false\" value=\"\" type=\"text\" name=\"Ville\" \/><\/span>\n<\/p>\n<p>Email\n<\/p>\n<p><span class=\"wpcf7-form-control-wrap\" data-name=\"Email\"><input size=\"40\" maxlength=\"400\" class=\"wpcf7-form-control wpcf7-email wpcf7-validates-as-required wpcf7-text wpcf7-validates-as-email\" aria-required=\"true\" aria-invalid=\"false\" value=\"\" type=\"email\" name=\"Email\" \/><\/span>\n<\/p>\n<p>T\u00e9l\u00e9phone\n<\/p>\n<p><span class=\"wpcf7-form-control-wrap\" data-name=\"Tel\"><input size=\"40\" maxlength=\"400\" class=\"wpcf7-form-control wpcf7-tel wpcf7-validates-as-required wpcf7-text wpcf7-validates-as-tel\" aria-required=\"true\" aria-invalid=\"false\" value=\"\" type=\"tel\" name=\"Tel\" \/><\/span>\n<\/p>\n<p>Commentaire\n<\/p>\n<p><span class=\"wpcf7-form-control-wrap\" data-name=\"Commentaire\"><textarea cols=\"40\" rows=\"10\" maxlength=\"2000\" class=\"wpcf7-form-control wpcf7-textarea\" aria-invalid=\"false\" name=\"Commentaire\"><\/textarea><\/span>\n<\/p>\n<p><input class=\"wpcf7-form-control wpcf7-submit has-spinner\" type=\"submit\" value=\"Envoyer\" \/>\n<\/p><div class=\"wpcf7-response-output\" aria-hidden=\"true\"><\/div>\n<\/form>\n<\/div>\n\n","protected":false},"excerpt":{"rendered":"<p>Merci de compl\u00e9ter ce formulaire de pr\u00e9-inscription au tennis club de Saint-Jean de Maurienne. Un membre du bureau prendra contact avec vous au plus t\u00f4t afin de finaliser votre inscription. Vous pouvez consulter les tarifs d&#8217;adh\u00e9sion. &nbsp;<\/p>\n","protected":false},"author":2,"featured_media":0,"parent":0,"menu_order":0,"comment_status":"closed","ping_status":"closed","template":"","meta":{"ngg_post_thumbnail":0,"footnotes":""},"class_list":["post-5793","page","type-page","status-publish","hentry"],"amp_enabled":true,"_links":{"self":[{"href":"https:\/\/www.tennis-maurienne.com\/saintjean\/wp-json\/wp\/v2\/pages\/5793","targetHints":{"allow":["GET"]}}],"collection":[{"href":"https:\/\/www.tennis-maurienne.com\/saintjean\/wp-json\/wp\/v2\/pages"}],"about":[{"href":"https:\/\/www.tennis-maurienne.com\/saintjean\/wp-json\/wp\/v2\/types\/page"}],"author":[{"embeddable":true,"href":"https:\/\/www.tennis-maurienne.com\/saintjean\/wp-json\/wp\/v2\/users\/2"}],"replies":[{"embeddable":true,"href":"https:\/\/www.tennis-maurienne.com\/saintjean\/wp-json\/wp\/v2\/comments?post=5793"}],"version-history":[{"count":3,"href":"https:\/\/www.tennis-maurienne.com\/saintjean\/wp-json\/wp\/v2\/pages\/5793\/revisions"}],"predecessor-version":[{"id":9981,"href":"https:\/\/www.tennis-maurienne.com\/saintjean\/wp-json\/wp\/v2\/pages\/5793\/revisions\/9981"}],"wp:attachment":[{"href":"https:\/\/www.tennis-maurienne.com\/saintjean\/wp-json\/wp\/v2\/media?parent=5793"}],"curies":[{"name":"wp","href":"https:\/\/api.w.org\/{rel}","templated":true}]}}