{"id":4427,"date":"2017-01-24T00:53:54","date_gmt":"2017-01-23T23:53:54","guid":{"rendered":"http:\/\/www.tennis-maurienne.com\/saintjean\/?page_id=4427"},"modified":"2026-04-12T13:08:25","modified_gmt":"2026-04-12T12:08:25","slug":"bidon","status":"publish","type":"page","link":"https:\/\/www.tennis-maurienne.com\/saintjean\/","title":{"rendered":""},"content":{"rendered":"<div id=\"pl-4427\"  class=\"panel-layout\" ><div id=\"pg-4427-0\"  class=\"panel-grid panel-no-style\" ><div id=\"pgc-4427-0-0\"  class=\"panel-grid-cell\" ><div id=\"panel-4427-0-0-0\" class=\"so-panel widget widget_execphp panel-first-child panel-last-child\" data-index=\"0\" >\t\t\t<div class=\"execphpwidget\"><ul class=\"pgwSlider\">\n\t\n\n                        \n           \n\t \n    \t        <li><a href=\"https:\/\/www.tennis-maurienne.com\/saintjean\/non-classe\/tournois-2025\"><img decoding=\"async\" src=\"https:\/\/www.tennis-maurienne.com\/saintjean\/wp-content\/uploads\/2025\/09\/550187387_1345823920885177_1379818199604681610_n-265x135.jpg\" alt=\"TOURNOIS 2025\" data-large-src=\"https:\/\/www.tennis-maurienne.com\/saintjean\/wp-content\/uploads\/2025\/09\/550187387_1345823920885177_1379818199604681610_n-849x424.jpg\" data-description=\"<p>Tournois 2025<\/p>\n\" \/><\/a><\/li>\n            \n     \n \n<\/ul><\/div>\n\t\t<\/div><\/div><\/div><div id=\"pg-4427-1\"  class=\"panel-grid panel-no-style\" ><div id=\"pgc-4427-1-0\"  class=\"panel-grid-cell\" ><div id=\"panel-4427-1-0-0\" class=\"so-panel widget widget_siteorigin-panels-postloop panel-first-child panel-last-child\" data-index=\"1\" ><div class=\"item col-md-6\">\n    <article id=\"post-10202\" class=\"post-10202 post type-post status-publish format-standard has-post-thumbnail hentry category-tournois\">\n    \t<div class=\"post_box\">\n        \t<a href=\"https:\/\/www.tennis-maurienne.com\/saintjean\/tournois\/tournoi-interne-2026\" title=\"TOURNOI INTERNE 2026\"><img loading=\"lazy\" decoding=\"async\" width=\"640\" height=\"480\" src=\"https:\/\/www.tennis-maurienne.com\/saintjean\/wp-content\/uploads\/2026\/04\/666422547_1519064473561120_6159243812751960463_nb-1-1024x768.jpg\" class=\"attachment-large size-large wp-post-image\" alt=\"\" srcset=\"https:\/\/www.tennis-maurienne.com\/saintjean\/wp-content\/uploads\/2026\/04\/666422547_1519064473561120_6159243812751960463_nb-1-1024x768.jpg 1024w, https:\/\/www.tennis-maurienne.com\/saintjean\/wp-content\/uploads\/2026\/04\/666422547_1519064473561120_6159243812751960463_nb-1-300x225.jpg 300w, https:\/\/www.tennis-maurienne.com\/saintjean\/wp-content\/uploads\/2026\/04\/666422547_1519064473561120_6159243812751960463_nb-1-600x450.jpg 600w, https:\/\/www.tennis-maurienne.com\/saintjean\/wp-content\/uploads\/2026\/04\/666422547_1519064473561120_6159243812751960463_nb-1.jpg 1536w\" sizes=\"auto, (max-width: 640px) 100vw, 640px\" \/><\/a>\n            <header class=\"entry-header\">\n                <h4 class=\"entry-title\"><a href=\"https:\/\/www.tennis-maurienne.com\/saintjean\/tournois\/tournoi-interne-2026\" rel=\"bookmark\">TOURNOI INTERNE 2026<\/a><\/h4>        \n                                <div class=\"entry-meta row\">\n                    <span class=\"posted-on col-md-6  col-xs-6\"><i class=\"fa fa-clock-o\"><\/i><a href=\"https:\/\/www.tennis-maurienne.com\/saintjean\/tournois\/tournoi-interne-2026\" rel=\"bookmark\"><time class=\"entry-date published\" datetime=\"2026-04-12T12:58:06+01:00\">12 avril 2026<\/time><time class=\"updated\" datetime=\"2026-04-12T13:27:05+01:00\">12 avril 2026<\/time><\/a><\/span>                <\/div><!-- .entry-meta -->\n                            <\/header><!-- .entry-header -->\n        \n            <div class=\"entry-content\">\n                <p>R\u00e9sultats du tournoi interne<\/p>\n        \t\t\n                            <\/div><!-- .entry-content -->\n            <a href=\"https:\/\/www.tennis-maurienne.com\/saintjean\/tournois\/tournoi-interne-2026\" class=\"btn btn-info read_more\">LIRE LA SUITE >><\/a>\n        <\/div>\n    <\/article><!-- #post-## -->\n    <div class=\"clearfix\"><\/div>\n<\/div>\n<div class=\"item col-md-6\">\n    <article id=\"post-10039\" class=\"post-10039 post type-post status-publish format-standard has-post-thumbnail hentry category-tournois\">\n    \t<div class=\"post_box\">\n        \t<a href=\"https:\/\/www.tennis-maurienne.com\/saintjean\/tournois\/tmc-2026\" title=\"TMC 2026\"><img loading=\"lazy\" decoding=\"async\" width=\"640\" height=\"480\" src=\"https:\/\/www.tennis-maurienne.com\/saintjean\/wp-content\/uploads\/2025\/10\/557479372_1357717376362498_1674792218333761111_nb.jpg\" class=\"attachment-large size-large wp-post-image\" alt=\"\" srcset=\"https:\/\/www.tennis-maurienne.com\/saintjean\/wp-content\/uploads\/2025\/10\/557479372_1357717376362498_1674792218333761111_nb.jpg 720w, https:\/\/www.tennis-maurienne.com\/saintjean\/wp-content\/uploads\/2025\/10\/557479372_1357717376362498_1674792218333761111_nb-300x225.jpg 300w, https:\/\/www.tennis-maurienne.com\/saintjean\/wp-content\/uploads\/2025\/10\/557479372_1357717376362498_1674792218333761111_nb-600x450.jpg 600w\" sizes=\"auto, (max-width: 640px) 100vw, 640px\" \/><\/a>\n            <header class=\"entry-header\">\n                <h4 class=\"entry-title\"><a href=\"https:\/\/www.tennis-maurienne.com\/saintjean\/tournois\/tmc-2026\" rel=\"bookmark\">TMC 2026<\/a><\/h4>        \n                                <div class=\"entry-meta row\">\n                    <span class=\"posted-on col-md-6  col-xs-6\"><i class=\"fa fa-clock-o\"><\/i><a href=\"https:\/\/www.tennis-maurienne.com\/saintjean\/tournois\/tmc-2026\" rel=\"bookmark\"><time class=\"entry-date published\" datetime=\"2025-10-06T20:57:57+01:00\">6 octobre 2025<\/time><time class=\"updated\" datetime=\"2026-03-13T16:31:39+01:00\">13 mars 2026<\/time><\/a><\/span>                <\/div><!-- .entry-meta -->\n                            <\/header><!-- .entry-header -->\n        \n            <div class=\"entry-content\">\n                <p>R\u00e9sultats des TMC&#8230;<\/p>\n        \t\t\n                            <\/div><!-- .entry-content -->\n            <a href=\"https:\/\/www.tennis-maurienne.com\/saintjean\/tournois\/tmc-2026\" class=\"btn btn-info read_more\">LIRE LA SUITE >><\/a>\n        <\/div>\n    <\/article><!-- #post-## -->\n    <div class=\"clearfix\"><\/div>\n<\/div>\n<div class=\"item col-md-6\">\n    <article id=\"post-10072\" class=\"post-10072 post type-post status-publish format-standard has-post-thumbnail hentry category-equipes\">\n    \t<div class=\"post_box\">\n        \t<a href=\"https:\/\/www.tennis-maurienne.com\/saintjean\/equipes\/equipes-adultes-2026\" title=\"\u00c9QUIPES ADULTES 2026\"><img loading=\"lazy\" decoding=\"async\" width=\"640\" height=\"480\" src=\"https:\/\/www.tennis-maurienne.com\/saintjean\/wp-content\/uploads\/2025\/10\/557625448_1358688772932025_5821643513536684784_n.jpg\" class=\"attachment-large size-large wp-post-image\" alt=\"\" srcset=\"https:\/\/www.tennis-maurienne.com\/saintjean\/wp-content\/uploads\/2025\/10\/557625448_1358688772932025_5821643513536684784_n.jpg 1008w, https:\/\/www.tennis-maurienne.com\/saintjean\/wp-content\/uploads\/2025\/10\/557625448_1358688772932025_5821643513536684784_n-300x225.jpg 300w, https:\/\/www.tennis-maurienne.com\/saintjean\/wp-content\/uploads\/2025\/10\/557625448_1358688772932025_5821643513536684784_n-600x450.jpg 600w\" sizes=\"auto, (max-width: 640px) 100vw, 640px\" \/><\/a>\n            <header class=\"entry-header\">\n                <h4 class=\"entry-title\"><a href=\"https:\/\/www.tennis-maurienne.com\/saintjean\/equipes\/equipes-adultes-2026\" rel=\"bookmark\">\u00c9QUIPES ADULTES 2026<\/a><\/h4>        \n                                <div class=\"entry-meta row\">\n                    <span class=\"posted-on col-md-6  col-xs-6\"><i class=\"fa fa-clock-o\"><\/i><a href=\"https:\/\/www.tennis-maurienne.com\/saintjean\/equipes\/equipes-adultes-2026\" rel=\"bookmark\"><time class=\"entry-date published\" datetime=\"2025-10-06T21:39:02+01:00\">6 octobre 2025<\/time><time class=\"updated\" datetime=\"2025-11-10T11:51:12+01:00\">10 novembre 2025<\/time><\/a><\/span>                <\/div><!-- .entry-meta -->\n                            <\/header><!-- .entry-header -->\n        \n            <div class=\"entry-content\">\n                <p>R\u00e9sultats des \u00e9quipes adultes<\/p>\n        \t\t\n                <div class=\"page-links\">Pages: <a href=\"https:\/\/www.tennis-maurienne.com\/saintjean\/equipes\/equipes-adultes-2026\" class=\"post-page-numbers\">1<\/a> <a href=\"https:\/\/www.tennis-maurienne.com\/saintjean\/equipes\/equipes-adultes-2026\/2\" class=\"post-page-numbers\">2<\/a> <a href=\"https:\/\/www.tennis-maurienne.com\/saintjean\/equipes\/equipes-adultes-2026\/3\" class=\"post-page-numbers\">3<\/a> <a href=\"https:\/\/www.tennis-maurienne.com\/saintjean\/equipes\/equipes-adultes-2026\/4\" class=\"post-page-numbers\">4<\/a> <a href=\"https:\/\/www.tennis-maurienne.com\/saintjean\/equipes\/equipes-adultes-2026\/5\" class=\"post-page-numbers\">5<\/a><\/div>            <\/div><!-- .entry-content -->\n            <a href=\"https:\/\/www.tennis-maurienne.com\/saintjean\/equipes\/equipes-adultes-2026\" class=\"btn btn-info read_more\">LIRE LA SUITE >><\/a>\n        <\/div>\n    <\/article><!-- #post-## -->\n    <div class=\"clearfix\"><\/div>\n<\/div>\n<div class=\"item col-md-6\">\n    <article id=\"post-10112\" class=\"post-10112 post type-post status-publish format-standard has-post-thumbnail hentry category-equipes\">\n    \t<div class=\"post_box\">\n        \t<a href=\"https:\/\/www.tennis-maurienne.com\/saintjean\/equipes\/equipes-jeunes-2026\" title=\"\u00c9QUIPES JEUNES 2026\"><img loading=\"lazy\" decoding=\"async\" width=\"640\" height=\"480\" src=\"https:\/\/www.tennis-maurienne.com\/saintjean\/wp-content\/uploads\/2025\/10\/558216843_1364755432325359_7004202157686112210_n.jpg\" class=\"attachment-large size-large wp-post-image\" alt=\"\" srcset=\"https:\/\/www.tennis-maurienne.com\/saintjean\/wp-content\/uploads\/2025\/10\/558216843_1364755432325359_7004202157686112210_n.jpg 1024w, https:\/\/www.tennis-maurienne.com\/saintjean\/wp-content\/uploads\/2025\/10\/558216843_1364755432325359_7004202157686112210_n-300x225.jpg 300w, https:\/\/www.tennis-maurienne.com\/saintjean\/wp-content\/uploads\/2025\/10\/558216843_1364755432325359_7004202157686112210_n-600x450.jpg 600w\" sizes=\"auto, (max-width: 640px) 100vw, 640px\" \/><\/a>\n            <header class=\"entry-header\">\n                <h4 class=\"entry-title\"><a href=\"https:\/\/www.tennis-maurienne.com\/saintjean\/equipes\/equipes-jeunes-2026\" rel=\"bookmark\">\u00c9QUIPES JEUNES 2026<\/a><\/h4>        \n                                <div class=\"entry-meta row\">\n                    <span class=\"posted-on col-md-6  col-xs-6\"><i class=\"fa fa-clock-o\"><\/i><a href=\"https:\/\/www.tennis-maurienne.com\/saintjean\/equipes\/equipes-jeunes-2026\" rel=\"bookmark\"><time class=\"entry-date published\" datetime=\"2025-10-15T21:19:19+01:00\">15 octobre 2025<\/time><time class=\"updated\" datetime=\"2025-12-18T21:44:33+01:00\">18 d\u00e9cembre 2025<\/time><\/a><\/span>                <\/div><!-- .entry-meta -->\n                            <\/header><!-- .entry-header -->\n        \n            <div class=\"entry-content\">\n                <p>R\u00e9sultats des \u00e9quipes jeunes<\/p>\n        \t\t\n                <div class=\"page-links\">Pages: <a href=\"https:\/\/www.tennis-maurienne.com\/saintjean\/equipes\/equipes-jeunes-2026\" class=\"post-page-numbers\">1<\/a> <a href=\"https:\/\/www.tennis-maurienne.com\/saintjean\/equipes\/equipes-jeunes-2026\/2\" class=\"post-page-numbers\">2<\/a><\/div>            <\/div><!-- .entry-content -->\n            <a href=\"https:\/\/www.tennis-maurienne.com\/saintjean\/equipes\/equipes-jeunes-2026\" class=\"btn btn-info read_more\">LIRE LA SUITE >><\/a>\n        <\/div>\n    <\/article><!-- #post-## -->\n    <div class=\"clearfix\"><\/div>\n<\/div>\n<\/div><\/div><\/div><div id=\"pg-4427-2\"  class=\"panel-grid panel-no-style\" ><div id=\"pgc-4427-2-0\"  class=\"panel-grid-cell\" ><div id=\"panel-4427-2-0-0\" class=\"so-panel widget widget_sow-editor panel-first-child panel-last-child\" data-index=\"2\" ><div\n\t\t\t\n\t\t\tclass=\"so-widget-sow-editor so-widget-sow-editor-base\"\n\t\t\t\n\t\t>\n<div class=\"siteorigin-widget-tinymce textwidget\">\n\t<p>&nbsp;<\/p>\n<h2><span style=\"color: #000000;\">INFOS DIVERSES<\/span><\/h2>\n<ul>\n<li><span style=\"font-size: 24px;\"><a href=\"http:\/\/www.tennis-maurienne.com\/saintjean\/events\" target=\"_blank\" rel=\"noopener noreferrer\"><span style=\"color: #e33d6c;\">Agenda du club<\/span><\/a><\/span><\/li>\n<li><span style=\"font-size: 24px;\"><a href=\"http:\/\/www.tennis-maurienne.com\/circuit\/\" target=\"_blank\" rel=\"noopener noreferrer\"><span style=\"color: #e33d6c;\">Circuit Maurienne<\/span><\/a><\/span><\/li>\n<li><span style=\"font-size: 24px;\"><a href=\"https:\/\/fr.calameo.com\/accounts\/4604110\" target=\"_blank\" rel=\"noopener noreferrer\"><span style=\"color: #e33d6c;\">Flash info Savoie<\/span><\/a><\/span><\/li>\n<\/ul>\n<p>&nbsp;<\/p>\n<p>&nbsp;<\/p>\n<p>&nbsp;<\/p>\n<\/div>\n<\/div><\/div><\/div><\/div><\/div>","protected":false},"excerpt":{"rendered":"<p>TOURNOI INTERNE 2026 12 avril 202612 avril 2026 R\u00e9sultats du tournoi interne LIRE LA SUITE >> TMC 2026 6 octobre 202513 mars 2026 R\u00e9sultats des TMC&#8230; LIRE LA SUITE >> \u00c9QUIPES ADULTES 2026 6 octobre 202510 novembre 2025 R\u00e9sultats des \u00e9quipes adultes Pages: 1 2 3 4 5 LIRE LA SUITE >> \u00c9QUIPES JEUNES 2026 15 octobre 202518 d\u00e9cembre 2025 R\u00e9sultats des \u00e9quipes jeunes Pages: 1 2 LIRE LA SUITE&#8230;<\/p>\n","protected":false},"author":2,"featured_media":0,"parent":0,"menu_order":0,"comment_status":"closed","ping_status":"closed","template":"","meta":{"ngg_post_thumbnail":0,"footnotes":""},"class_list":["post-4427","page","type-page","status-publish","hentry"],"amp_enabled":false,"_links":{"self":[{"href":"https:\/\/www.tennis-maurienne.com\/saintjean\/wp-json\/wp\/v2\/pages\/4427","targetHints":{"allow":["GET"]}}],"collection":[{"href":"https:\/\/www.tennis-maurienne.com\/saintjean\/wp-json\/wp\/v2\/pages"}],"about":[{"href":"https:\/\/www.tennis-maurienne.com\/saintjean\/wp-json\/wp\/v2\/types\/page"}],"author":[{"embeddable":true,"href":"https:\/\/www.tennis-maurienne.com\/saintjean\/wp-json\/wp\/v2\/users\/2"}],"replies":[{"embeddable":true,"href":"https:\/\/www.tennis-maurienne.com\/saintjean\/wp-json\/wp\/v2\/comments?post=4427"}],"version-history":[{"count":288,"href":"https:\/\/www.tennis-maurienne.com\/saintjean\/wp-json\/wp\/v2\/pages\/4427\/revisions"}],"predecessor-version":[{"id":10215,"href":"https:\/\/www.tennis-maurienne.com\/saintjean\/wp-json\/wp\/v2\/pages\/4427\/revisions\/10215"}],"wp:attachment":[{"href":"https:\/\/www.tennis-maurienne.com\/saintjean\/wp-json\/wp\/v2\/media?parent=4427"}],"curies":[{"name":"wp","href":"https:\/\/api.w.org\/{rel}","templated":true}]}}